{"id":21,"date":"2021-01-07T15:54:06","date_gmt":"2021-01-07T13:54:06","guid":{"rendered":"https:\/\/stemalux.eu\/?page_id=21"},"modified":"2025-01-12T14:25:00","modified_gmt":"2025-01-12T12:25:00","slug":"zakonchennye-proekty","status":"publish","type":"page","link":"https:\/\/omegaprofi.ee\/ru\/zakonchennye-proekty\/","title":{"rendered":"\u0417\u0430\u043a\u043e\u043d\u0447\u0435\u043d\u043d\u044b\u0435 \u043f\u0440\u043e\u0435\u043a\u0442\u044b"},"content":{"rendered":"<div class=\"wpb-content-wrapper\"><p>[vc_row full_width=&#187;stretch_row&#187; el_class=&#187;works-page&#187;][vc_column][vc_empty_space height=&#187;50px&#187;][vc_row_inner equal_height=&#187;yes&#187; el_class=&#187;works-first-row&#187;][vc_column_inner width=&#187;1\/4&#8243;][vc_single_image image=&#187;872&#8243; img_size=&#187;medium&#187; alignment=&#187;center&#187; onclick=&#187;link_image&#187; css=&#187;&#187;][vc_column_text css=&#187;&#187; el_class=&#187;year&#187;]2023-2024[\/vc_column_text][vc_column_text css=&#187;&#187; el_class=&#187;heading&#187;]<strong><u>Tallinna Lennujaama \u00c4riklassi Lounge<\/u><\/strong>[\/vc_column_text][vc_column_text css=&#187;&#187; el_class=&#187;description&#187;]Montaa\u017eit\u00f6\u00f6d tugevool, n\u00f5rkvool, ATS ja valve s\u00fcstemid<\/p>\n<p>Tellija. TOLIRA EHITUS O\u00dc[\/vc_column_text][\/vc_column_inner][vc_column_inner width=&#187;1\/4&#8243;][vc_single_image image=&#187;864&#8243; img_size=&#187;full&#187; onclick=&#187;link_image&#187; css=&#187;&#187;][vc_column_text css=&#187;&#187; el_class=&#187;year&#187;]2023[\/vc_column_text][vc_column_text css=&#187;&#187; el_class=&#187;heading&#187;]<strong><u>Kehra Lasteaiad<\/u><\/strong>[\/vc_column_text][vc_column_text css=&#187;&#187; el_class=&#187;description&#187;]Montaa\u017eit\u00f6\u00f6d tugevool, n\u00f5rkvool, ATS ja valve s\u00fcstemid<\/p>\n<p>Tellija. Danville O\u00dc[\/vc_column_text][\/vc_column_inner][vc_column_inner width=&#187;1\/4&#8243;][vc_single_image image=&#187;768&#8243; img_size=&#187;full&#187; css=&#187;&#187;][vc_column_text css=&#187;&#187; el_class=&#187;year&#187;]2023[\/vc_column_text][vc_column_text css=&#187;&#187; el_class=&#187;heading&#187;]<strong><u>\u00c4mari lennubaas<\/u><\/strong>[\/vc_column_text][vc_column_text css=&#187;&#187; el_class=&#187;description&#187;]Projekteerimine Tugevool, n\u00f5rkvool, ATS, valve s\u00fcstem.<\/p>\n<p>Montaa\u017eit\u00f6\u00f6d tugevool, n\u00f5rkvool, ATS ja valve s\u00fcstemid<\/p>\n<p>Tellija. RELYANT Global, LLC[\/vc_column_text][\/vc_column_inner][vc_column_inner width=&#187;1\/4&#8243;][vc_single_image image=&#187;875&#8243; img_size=&#187;medium&#187; onclick=&#187;link_image&#187; css=&#187;&#187;][vc_column_text css=&#187;&#187; el_class=&#187;year&#187;]2022-2023[\/vc_column_text][vc_column_text css=&#187;&#187; el_class=&#187;heading&#187;]<strong><u>Suomi. Vaanta<\/u><\/strong>[\/vc_column_text][vc_column_text css=&#187;&#187; el_class=&#187;description&#187;]<strong>Scancerco \u00e4ri- ja laohoone<\/strong><\/p>\n<p>Montaa\u017eit\u00f6\u00f6d tugevool, n\u00f5rkvool, ATS ja valve s\u00fcstemid<\/p>\n<p>Tellija Maru Ehitus AS[\/vc_column_text][\/vc_column_inner][\/vc_row_inner][vc_empty_space height=&#187;50px&#187;][vc_row_inner equal_height=&#187;yes&#187; el_class=&#187;works-first-row&#187;][vc_column_inner width=&#187;1\/4&#8243;][vc_single_image image=&#187;406&#8243; img_size=&#187;full&#187; onclick=&#187;link_image&#187;][vc_column_text el_class=&#187;year&#187;]2017-2021[\/vc_column_text][vc_column_text el_class=&#187;heading&#187;]<strong><u>Hanhikivi 1 NPP. Hanhikivi peninsula, Pyhaj\u00f6ki, Soome<\/u><\/strong>[\/vc_column_text][vc_column_text el_class=&#187;description&#187;]<strong>Haldushoones 2tk<\/strong>,<\/p>\n<p>Projekteerimine Tugevool, n\u00f5rkvool, ATS, valve s\u00fcstem, K\u00e4idukorraldamine ja hooldus<\/p>\n<p>Montaa\u017eit\u00f6\u00f6d tugevool, n\u00f5rkvool, ATS ja valve s\u00fcstemid[\/vc_column_text][\/vc_column_inner][vc_column_inner width=&#187;1\/4&#8243;][vc_single_image image=&#187;417&#8243; img_size=&#187;full&#187; onclick=&#187;link_image&#187;][vc_column_text el_class=&#187;year&#187;]2017-2021[\/vc_column_text][vc_column_text el_class=&#187;heading&#187;]<strong><u>Hanhikivi 1 NPP. Hanhikivi peninsula, Pyhaj\u00f6ki, Soome<\/u><\/strong>[\/vc_column_text][vc_column_text el_class=&#187;description&#187;]<strong>S\u00f6\u00f6kla 500 inimest, <\/strong><\/p>\n<p>Projekteerimine Tugevool, n\u00f5rkvool, ATS, valve s\u00fcstem, K\u00e4idukorraldamine ja hooldus<\/p>\n<p>Montaa\u017eit\u00f6\u00f6d tugevool, n\u00f5rkvool, ATS ja valve s\u00fcstemid[\/vc_column_text][\/vc_column_inner][vc_column_inner width=&#187;1\/4&#8243;][vc_single_image image=&#187;769&#8243; img_size=&#187;full&#187; css=&#187;&#187;][vc_column_text el_class=&#187;year&#187;]2017-2021[\/vc_column_text][vc_column_text el_class=&#187;heading&#187;]<strong><u>Hanhikivi 1 NPP. Hanhikivi peninsula, Pyhaj\u00f6ki, Soome<\/u><\/strong>[\/vc_column_text][vc_column_text el_class=&#187;description&#187;]<strong>Kontrollpunkt<\/strong><strong> 2tk, <\/strong><\/p>\n<p>Projekteerimine Tugevool<\/p>\n<p>Montaa\u017eit\u00f6\u00f6d tugevool, n\u00f5rkvool, ATS ja valve s\u00fcstemid[\/vc_column_text][\/vc_column_inner][vc_column_inner width=&#187;1\/4&#8243;][vc_single_image image=&#187;418&#8243; img_size=&#187;full&#187; onclick=&#187;link_image&#187;][vc_column_text el_class=&#187;year&#187;]2017-2021[\/vc_column_text][vc_column_text el_class=&#187;heading&#187;]<strong><u>Hanhikivi 1 NPP. Hanhikivi peninsula, Pyhaj\u00f6ki, Soome<\/u><\/strong>[\/vc_column_text][vc_column_text el_class=&#187;description&#187;]<strong>Med centre<\/strong><\/p>\n<p>Projekteerimine Tugevool<\/p>\n<p>Montaa\u017eit\u00f6\u00f6d tugevool, n\u00f5rkvool, ATS ja valve s\u00fcstemid<\/p>\n<p><strong>Armatuuripoe maanduss\u00fcsteem ja potentsiaali \u00fchtlustamine<\/strong><\/p>\n<p>Montaa\u017eit\u00f6\u00f6d[\/vc_column_text][\/vc_column_inner][\/vc_row_inner][vc_empty_space height=&#187;50px&#187;][vc_row_inner equal_height=&#187;yes&#187; el_class=&#187;works-first-row&#187;][vc_column_inner width=&#187;1\/4&#8243;][vc_single_image image=&#187;672&#8243; img_size=&#187;full&#187; alignment=&#187;center&#187; onclick=&#187;link_image&#187;][vc_column_text el_class=&#187;year&#187;]2021[\/vc_column_text][vc_column_text el_class=&#187;heading&#187;]<strong><u>Hanhikivi 1 NPP. Hanhikivi peninsula, Pyhaj\u00f6ki, Soome<\/u><\/strong>[\/vc_column_text][vc_column_text el_class=&#187;description&#187;]Fassaadit\u00f6\u00f6d ja \u00fcldehitust\u00f6\u00f6d 2021.a<\/p>\n<p>Tellija Maru Ehitus AS[\/vc_column_text][\/vc_column_inner][vc_column_inner width=&#187;1\/4&#8243;][vc_single_image image=&#187;769&#8243; img_size=&#187;full&#187; css=&#187;&#187;][vc_column_text el_class=&#187;year&#187;]2018[\/vc_column_text][vc_column_text el_class=&#187;heading&#187;]<strong><u>Kalda tee 68 ridaelamud (Tabasalu)<\/u><\/strong>[\/vc_column_text][vc_column_text el_class=&#187;description&#187;]Projekteerimine ja elektrit\u00f6\u00f6d[\/vc_column_text][\/vc_column_inner][vc_column_inner width=&#187;1\/4&#8243;][vc_single_image image=&#187;769&#8243; img_size=&#187;full&#187; css=&#187;&#187;][vc_column_text el_class=&#187;year&#187;]2018[\/vc_column_text][vc_column_text el_class=&#187;heading&#187;]<strong><u>M\u00f6ldre 9 ridaelamud (Tiskre)<\/u><\/strong>[\/vc_column_text][vc_column_text el_class=&#187;description&#187;]Projekteerimine ja elektrit\u00f6\u00f6d[\/vc_column_text][\/vc_column_inner][vc_column_inner width=&#187;1\/4&#8243;][vc_single_image image=&#187;769&#8243; img_size=&#187;full&#187; css=&#187;&#187;][vc_column_text el_class=&#187;year&#187;]2018[\/vc_column_text][vc_column_text el_class=&#187;heading&#187;]<strong><u>J\u00e4rvetipu eramud 12kompl ( Tiskre )<\/u><\/strong>[\/vc_column_text][vc_column_text el_class=&#187;description&#187;]Projekteerimine ja elektrit\u00f6\u00f6d[\/vc_column_text][\/vc_column_inner][\/vc_row_inner][vc_empty_space height=&#187;50px&#187;][vc_row_inner equal_height=&#187;yes&#187; el_class=&#187;works-second-row&#187;][vc_column_inner width=&#187;1\/4&#8243;][vc_single_image image=&#187;769&#8243; img_size=&#187;full&#187; css=&#187;&#187;][vc_column_text el_class=&#187;year&#187;]2018[\/vc_column_text][vc_column_text el_class=&#187;heading&#187;]<strong><u>Hostel (Rohuneeme tee 2, Haabneeme, 74001 Harju maakond)<\/u><\/strong>[\/vc_column_text][vc_column_text el_class=&#187;description&#187;]Elektrit\u00f6\u00f6d[\/vc_column_text][\/vc_column_inner][vc_column_inner width=&#187;1\/4&#8243;][vc_single_image image=&#187;769&#8243; img_size=&#187;full&#187; css=&#187;&#187;][vc_column_text el_class=&#187;year&#187;]2017[\/vc_column_text][vc_column_text el_class=&#187;heading&#187;]<strong><u>Paevalja 17,11 Alajaama 1 ridaelamud ( Viimsi vald, Valsem O\u00dc)<\/u><\/strong>[\/vc_column_text][vc_column_text el_class=&#187;description&#187;]Elektrit\u00f6\u00f6d[\/vc_column_text][\/vc_column_inner][vc_column_inner width=&#187;1\/4&#8243;][vc_single_image image=&#187;769&#8243; img_size=&#187;full&#187; css=&#187;&#187;][vc_column_text el_class=&#187;year&#187;]2017[\/vc_column_text][vc_column_text el_class=&#187;heading&#187;]<strong><u>DELLA PROJECT O\u00dc b\u00fcroohoone ( Majaka tn26)<\/u><\/strong>[\/vc_column_text][vc_column_text el_class=&#187;description&#187;]Projekteerimine ja elektrit\u00f6\u00f6d[\/vc_column_text][\/vc_column_inner][vc_column_inner width=&#187;1\/4&#8243;][vc_single_image image=&#187;769&#8243; img_size=&#187;full&#187; css=&#187;&#187;][vc_column_text el_class=&#187;year&#187;]2017[\/vc_column_text][vc_column_text el_class=&#187;heading&#187;]<strong><u>ITM Trade O\u00dc b\u00fcroohoone (Kreuzvaldi tn 4 )<\/u><\/strong>[\/vc_column_text][vc_column_text el_class=&#187;description&#187;]Projekteerimine ja elektrit\u00f6\u00f6d[\/vc_column_text][\/vc_column_inner][\/vc_row_inner][vc_empty_space height=&#187;50px&#187;][vc_row_inner equal_height=&#187;yes&#187; el_class=&#187;works-third-row&#187;][vc_column_inner width=&#187;1\/4&#8243;][vc_single_image image=&#187;769&#8243; img_size=&#187;full&#187; css=&#187;&#187;][vc_column_text el_class=&#187;year&#187;]2017[\/vc_column_text][vc_column_text el_class=&#187;heading&#187;]<strong><u>Tallinna \u00dclikooli \u00fchiselamu(Akadeemia tee Pristis AS)<\/u><\/strong>[\/vc_column_text][vc_column_text el_class=&#187;description&#187;]N\u00f5rkvoolu t\u00f6\u00f6d[\/vc_column_text][\/vc_column_inner][vc_column_inner width=&#187;1\/4&#8243;][vc_single_image image=&#187;769&#8243; img_size=&#187;full&#187; css=&#187;&#187;][vc_column_text el_class=&#187;year&#187;]2017[\/vc_column_text][vc_column_text el_class=&#187;heading&#187;]<strong><u>G\u00fcmnasium (Vana \u2013 Kalamaja 9 , Pristis AS)<\/u><\/strong>[\/vc_column_text][vc_column_text el_class=&#187;description&#187;]N\u00f5rkvoolu t\u00f6\u00f6d[\/vc_column_text][\/vc_column_inner][vc_column_inner width=&#187;1\/4&#8243;][vc_single_image image=&#187;769&#8243; img_size=&#187;full&#187; css=&#187;&#187;][vc_column_text el_class=&#187;year&#187;]2017[\/vc_column_text][vc_column_text el_class=&#187;heading&#187;]<strong><u>DELLA PROJECT O\u00dc b\u00fcroohoone ( Majaka tn26)<\/u><\/strong>[\/vc_column_text][vc_column_text el_class=&#187;description&#187;]Projekteerimine ja elektrit\u00f6\u00f6d[\/vc_column_text][\/vc_column_inner][vc_column_inner width=&#187;1\/4&#8243;][vc_single_image image=&#187;769&#8243; img_size=&#187;full&#187; css=&#187;&#187;][vc_column_text el_class=&#187;year&#187;]2016[\/vc_column_text][vc_column_text el_class=&#187;heading&#187;]<strong><u>Kalda tee 70 ridaelamud (Tabasalu)<\/u><\/strong>[\/vc_column_text][vc_column_text el_class=&#187;description&#187;]Projekteerimine ja elektrit\u00f6\u00f6d[\/vc_column_text][\/vc_column_inner][\/vc_row_inner][vc_empty_space height=&#187;50px&#187;][vc_row_inner equal_height=&#187;yes&#187; el_class=&#187;works-forth-row&#187;][vc_column_inner width=&#187;1\/4&#8243;][vc_single_image image=&#187;769&#8243; img_size=&#187;full&#187; css=&#187;&#187;][vc_column_text el_class=&#187;year&#187;]2016[\/vc_column_text][vc_column_text el_class=&#187;heading&#187;]<strong><u>J\u00f5hvaika tee ridaeamud ( Tabasalu)<\/u><\/strong>[\/vc_column_text][vc_column_text el_class=&#187;description&#187;]N\u00f5rkvoolu t\u00f6\u00f6d[\/vc_column_text][\/vc_column_inner][vc_column_inner width=&#187;1\/4&#8243;][vc_single_image image=&#187;769&#8243; img_size=&#187;full&#187; css=&#187;&#187;][vc_column_text el_class=&#187;year&#187;]2016[\/vc_column_text][vc_column_text el_class=&#187;heading&#187;]<\/p>\n<p><strong><u>Pihlaka tee ridaelamud (Peetri k\u00fcla, Bluesky O\u00dc)<\/u><\/strong><\/p>\n<p>[\/vc_column_text][vc_column_text el_class=&#187;description&#187;]Elektrit\u00f6\u00f6d ja n\u00f5rkvool[\/vc_column_text][\/vc_column_inner][vc_column_inner width=&#187;1\/4&#8243;][vc_single_image image=&#187;769&#8243; img_size=&#187;full&#187; css=&#187;&#187;][vc_column_text el_class=&#187;year&#187;]2016[\/vc_column_text][vc_column_text el_class=&#187;heading&#187;]<strong><u>Viru Keskus videovalve t\u00f6\u00f6d ( Pristis AS)<\/u><\/strong>[\/vc_column_text][vc_column_text el_class=&#187;description&#187;]Montaa\u017eit\u00f6\u00f6d[\/vc_column_text][\/vc_column_inner][vc_column_inner width=&#187;1\/4&#8243;][vc_single_image image=&#187;769&#8243; img_size=&#187;full&#187; css=&#187;&#187;][vc_column_text el_class=&#187;year&#187;]2016[\/vc_column_text][vc_column_text el_class=&#187;heading&#187;]<strong><u>Hospital ats s\u00fcstemid (J\u00e4rve 34 , Pristis AS)<\/u><\/strong>[\/vc_column_text][vc_column_text el_class=&#187;description&#187;]Montaa\u017eit\u00f6\u00f6d[\/vc_column_text][\/vc_column_inner][\/vc_row_inner][vc_empty_space height=&#187;50px&#187;][vc_row_inner equal_height=&#187;yes&#187; el_class=&#187;works-fifth-row&#187;][vc_column_inner width=&#187;1\/4&#8243;][vc_single_image image=&#187;769&#8243; img_size=&#187;full&#187; css=&#187;&#187;][vc_column_text el_class=&#187;year&#187;]2016[\/vc_column_text][vc_column_text el_class=&#187;heading&#187;]<strong><u>Nuku teater renoveerimine ( Lai 1\/Nunne 4)<\/u><\/strong>[\/vc_column_text][vc_column_text el_class=&#187;description&#187;]Elektrit\u00f6\u00f6d[\/vc_column_text][\/vc_column_inner][vc_column_inner width=&#187;1\/4&#8243;][vc_single_image image=&#187;769&#8243; img_size=&#187;full&#187; css=&#187;&#187;][vc_column_text el_class=&#187;year&#187;]2016[\/vc_column_text][vc_column_text el_class=&#187;heading&#187;]<strong><u>Tyre Mould Eesti O\u00dc tehase juurdeehitus (Sinikivi tee 18, Lehmja Harjumaa)<\/u><\/strong>[\/vc_column_text][vc_column_text el_class=&#187;description&#187;]Elektrit\u00f6\u00f6d, K\u00e4idukorraldamine ja hooldus[\/vc_column_text][\/vc_column_inner][vc_column_inner width=&#187;1\/4&#8243;][vc_single_image image=&#187;769&#8243; img_size=&#187;full&#187; css=&#187;&#187;][vc_column_text el_class=&#187;year&#187;]2016[\/vc_column_text][vc_column_text el_class=&#187;heading&#187;]<strong><u>Ladu : Oninnen AS logistikakeskus <\/u><\/strong>[\/vc_column_text][vc_column_text el_class=&#187;description&#187;]Elektrit\u00f6\u00f6d[\/vc_column_text][\/vc_column_inner][vc_column_inner width=&#187;1\/4&#8243;][vc_single_image image=&#187;769&#8243; img_size=&#187;full&#187; css=&#187;&#187;][vc_column_text el_class=&#187;year&#187;]2016[\/vc_column_text][vc_column_text el_class=&#187;heading&#187;]<strong><u>Tootmishoone: GLOBEN METALL O\u00dc<\/u><\/strong>[\/vc_column_text][vc_column_text el_class=&#187;description&#187;]Elektrit\u00f6\u00f6d[\/vc_column_text][\/vc_column_inner][\/vc_row_inner][vc_empty_space height=&#187;50px&#187;][vc_row_inner equal_height=&#187;yes&#187; el_class=&#187;works-sixth-row&#187;][vc_column_inner width=&#187;1\/4&#8243;][vc_single_image image=&#187;769&#8243; img_size=&#187;full&#187; css=&#187;&#187;][vc_column_text el_class=&#187;year&#187;]2016[\/vc_column_text][vc_column_text el_class=&#187;heading&#187;]<strong><u>Kaubahoone : Harku vald , Muraste k\u00fcla , Hansu 2<\/u><\/strong>[\/vc_column_text][vc_column_text el_class=&#187;description&#187;]Projekteerimine ja elektrit\u00f6\u00f6d[\/vc_column_text][\/vc_column_inner][\/vc_row_inner][vc_empty_space height=&#187;60px&#187;][\/vc_column][\/vc_row]<\/p>\n<\/div>","protected":false},"excerpt":{"rendered":"<p>[vc_row full_width=&#187;stretch_row&#187; el_class=&#187;works-page&#187;][vc_column][vc_empty_space height=&#187;50px&#187;][vc_row_inner equal_height=&#187;yes&#187; el_class=&#187;works-first-row&#187;][vc_column_inner width=&#187;1\/4&#8243;][vc_single_image image=&#187;872&#8243; img_size=&#187;medium&#187; alignment=&#187;center&#187; onclick=&#187;link_image&#187; css=&#187;&#187;][vc_column_text css=&#187;&#187; el_class=&#187;year&#187;]2023-2024[\/vc_column_text][vc_column_text css=&#187;&#187; el_class=&#187;heading&#187;]Tallinna Lennujaama \u00c4riklassi Lounge[\/vc_column_text][vc_column_text css=&#187;&#187; el_class=&#187;description&#187;]Montaa\u017eit\u00f6\u00f6d tugevool, n\u00f5rkvool, ATS ja valve s\u00fcstemid Tellija. TOLIRA EHITUS O\u00dc[\/vc_column_text][\/vc_column_inner][vc_column_inner width=&#187;1\/4&#8243;][vc_single_image image=&#187;864&#8243; img_size=&#187;full&#187; onclick=&#187;link_image&#187; css=&#187;&#187;][vc_column_text css=&#187;&#187; el_class=&#187;year&#187;]2023[\/vc_column_text][vc_column_text css=&#187;&#187; el_class=&#187;heading&#187;]Kehra Lasteaiad[\/vc_column_text][vc_column_text css=&#187;&#187; el_class=&#187;description&#187;]Montaa\u017eit\u00f6\u00f6d tugevool, n\u00f5rkvool, ATS ja valve s\u00fcstemid Tellija. Danville O\u00dc[\/vc_column_text][\/vc_column_inner][vc_column_inner width=&#187;1\/4&#8243;][vc_single_image image=&#187;768&#8243; img_size=&#187;full&#187; &#8230; <a title=\"\u0417\u0430\u043a\u043e\u043d\u0447\u0435\u043d\u043d\u044b\u0435 \u043f\u0440\u043e\u0435\u043a\u0442\u044b\" class=\"read-more\" href=\"https:\/\/omegaprofi.ee\/ru\/zakonchennye-proekty\/\" aria-label=\"More on \u0417\u0430\u043a\u043e\u043d\u0447\u0435\u043d\u043d\u044b\u0435 \u043f\u0440\u043e\u0435\u043a\u0442\u044b\">Read more<\/a><\/p>\n","protected":false},"author":1,"featured_media":0,"parent":0,"menu_order":0,"comment_status":"closed","ping_status":"closed","template":"","meta":{"footnotes":""},"class_list":["post-21","page","type-page","status-publish"],"_links":{"self":[{"href":"https:\/\/omegaprofi.ee\/ru\/wp-json\/wp\/v2\/pages\/21","targetHints":{"allow":["GET"]}}],"collection":[{"href":"https:\/\/omegaprofi.ee\/ru\/wp-json\/wp\/v2\/pages"}],"about":[{"href":"https:\/\/omegaprofi.ee\/ru\/wp-json\/wp\/v2\/types\/page"}],"author":[{"embeddable":true,"href":"https:\/\/omegaprofi.ee\/ru\/wp-json\/wp\/v2\/users\/1"}],"replies":[{"embeddable":true,"href":"https:\/\/omegaprofi.ee\/ru\/wp-json\/wp\/v2\/comments?post=21"}],"version-history":[{"count":37,"href":"https:\/\/omegaprofi.ee\/ru\/wp-json\/wp\/v2\/pages\/21\/revisions"}],"predecessor-version":[{"id":887,"href":"https:\/\/omegaprofi.ee\/ru\/wp-json\/wp\/v2\/pages\/21\/revisions\/887"}],"wp:attachment":[{"href":"https:\/\/omegaprofi.ee\/ru\/wp-json\/wp\/v2\/media?parent=21"}],"curies":[{"name":"wp","href":"https:\/\/api.w.org\/{rel}","templated":true}]}}